{"id":2257931,"date":"2020-11-30T17:37:13","date_gmt":"2020-11-30T17:37:13","guid":{"rendered":"https:\/\/sunsethomesspain.com\/buyers-guide\/"},"modified":"2021-01-27T12:33:51","modified_gmt":"2021-01-27T12:33:51","slug":"guia-del-comprador","status":"publish","type":"page","link":"https:\/\/sunsethomesspain.com\/es\/guia-del-comprador\/","title":{"rendered":"Gu\u00eda del comprador"},"content":{"rendered":"<div class=\"wpb-content-wrapper\"><p>[vc_row css=&#8221;.vc_custom_1611750121087{margin-top: 100px !important;}&#8221;][vc_column width=&#8221;1\/4&#8243;][vc_single_image image=&#8221;2258209&#8243; img_size=&#8221;full&#8221; onclick=&#8221;custom_link&#8221; img_link_target=&#8221;_blank&#8221; link=&#8221;https:\/\/sunsethomesspain.com\/wp-content\/uploads\/2021\/01\/BUYERSGUIDE-ES.pdf&#8221;][\/vc_column][vc_column width=&#8221;3\/4&#8243;][vc_column_text]<\/p>\n<p style=\"text-align: left;\">Es normal que la compra de una propiedad genere dudas y preguntas, para ello hemos puesto alguna informaci\u00f3n abajo que puede aclarar algunas de tus inquietudes.<\/p>\n<p style=\"text-align: left;\">Nosotros estaremos durante todo el proceso de adquisici\u00f3n a tu lado , ayud\u00e1ndote y aportando soluciones.<\/p>\n<p style=\"text-align: left;\">Estaremos encantados de atenderte!<\/p>\n<p>[\/vc_column_text][vc_btn title=&#8221;Descargar&#8221; link=&#8221;url:https%3A%2F%2Fsunsethomesspain.com%2Fwp-content%2Fuploads%2F2021%2F01%2FBUYERSGUIDE-ES.pdf&#8221;][\/vc_column][\/vc_row][vc_row css=&#8221;.vc_custom_1611750827849{padding-top: 40px !important;padding-bottom: 100px !important;}&#8221;][vc_column][vc_carousel_father theme=&#8221;content-over-slider&#8221; speed=&#8221;10&#8243;][vc_carousel_son title=&#8221;1. Contrato de arras&#8221;]<\/p>\n<p style=\"text-align: center;\">Una vez has seleccionado la casa de tus sue\u00f1os hay que firmar un contrato de arras.<\/p>\n<p style=\"text-align: center;\">De esta forma nos aseguramos que la vivienda queda reservada para nosotros y fuera <span class=\"VIiyi\" lang=\"en\"><span class=\"JLqJ4b\" data-language-for-alternatives=\"en\" data-language-to-translate-into=\"sv\" data-phrase-index=\"0\"><span class=\"VIiyi\" lang=\"es\">del mercado, a la vez que se debe hacer un pago entre 6.000 a 10.000 e.<\/span><\/span><\/span><\/p>\n<p>[\/vc_carousel_son][vc_carousel_son title=&#8221;2. Contrato de Compraventa&#8221;]<\/p>\n<p style=\"text-align: center;\">En este contrato se especifican todos los acuerdos entre las partes(comprador\/vendedor). Nuestros abogados previamente se habr\u00e1n asegurado de informar a nuestro cliente de las posibles cargas de la vienda o cualquier otro aspecto que pudiera ser de inter\u00e9s para nuestro cliente en la toma de decisi\u00f3n de la adquisici\u00f3n de la vivienda.<\/p>\n<p style=\"text-align: center;\">En el contrato se especificar\u00e1 desde la forma de pago hasta aspectos como si se adquiere amueblada o no, por supuesto incluyendo la fecha de escritura. Generalmente en este momento se transfiere entre un 10\/20 % de la compraventa.<\/p>\n<p>[\/vc_carousel_son][vc_carousel_son title=&#8221;3. Escrituras&#8221;]<\/p>\n<p style=\"text-align: center;\">La firma definitiva se realizar\u00e1 ante Notario , mediante escritura p\u00fablica, recibiendo las llaves de la vivienda en ese momento. Para la realizacion de este acto es necesario cierta documentaci\u00f3n que nuestro equipo jur\u00eddico habr\u00e1 recopilado.<\/p>\n<p style=\"text-align: center;\">Los gastos que se derivan por escriturar la vivienda son alrededor de un 10%<\/p>\n<p>[\/vc_carousel_son][vc_carousel_son title=&#8221;4. Suministros&#8221;]<\/p>\n<p style=\"text-align: center;\">Enhorabuena ! Si has llegado a este punto ya tienes la casa de tus sue\u00f1os en la Costa del Sol. Ahora tienes que contratar , domiciliar etc los suministros de la vivienda ( luz, agua, etc.) Como ya dijimos te acompa\u00f1amos hasta el final y por supuesto nosotros haremos todo esto por ti.<\/p>\n<p>[\/vc_carousel_son][vc_carousel_son title=&#8221;5. Documentacion&#8221;]<\/p>\n<p style=\"text-align: center;\">La obtenci\u00f3n de la documentaci\u00f3n original no es inmediata , adem\u00e1s los gastos derivados de la misma , deben ser abonados posteriormente a la firma. Es un proceso burocr\u00e1tico del que nosotros nos haremos cargo. Una vez terminado, nos encargaremos <span class=\"VIiyi\" lang=\"en\"><span class=\"JLqJ4b\" data-language-for-alternatives=\"en\" data-language-to-translate-into=\"sv\" data-phrase-index=\"0\"><span class=\"VIiyi\" lang=\"es\">de que recibas toda tu documentaci\u00f3n.<br \/>\n<\/span><\/span><\/span><\/p>\n<p>[\/vc_carousel_son][vc_carousel_son title=&#8221;6. Asistencia contin\u00faa&#8221;]<\/p>\n<p style=\"text-align: center;\">Por supuesto una vez concluido todo este proceso, nuestro equipo Jur\u00eddico\/Fiscal puede seguir ayud\u00e1ndote y asesor\u00e1ndote aqu\u00ed en Espa\u00f1a con cualquier tr\u00e1mite que necesites, para que como dijimos hacer que tu experiencia merezca la pena. Para ello, <span class=\"VIiyi\" lang=\"es\"><span class=\"JLqJ4b\" data-language-for-alternatives=\"es\" data-language-to-translate-into=\"en\" data-phrase-index=\"0\">visita en nuestra p\u00e1gina el apartado de asesoramiento legal para m\u00e1s informaci\u00f3n.<br \/>\n<\/span><\/span><\/p>\n<p>[\/vc_carousel_son][\/vc_carousel_father][\/vc_column][\/vc_row]<\/p>\n<\/div>","protected":false},"excerpt":{"rendered":"<p>[vc_row css=&#8221;.vc_custom_1611750121087{margin-top: 100px !important;}&#8221;][vc_column width=&#8221;1\/4&#8243;][vc_single_image image=&#8221;2258209&#8243; img_size=&#8221;full&#8221; onclick=&#8221;custom_link&#8221; img_link_target=&#8221;_blank&#8221; link=&#8221;https:\/\/sunsethomesspain.com\/wp-content\/uploads\/2021\/01\/BUYERSGUIDE-ES.pdf&#8221;][\/vc_column][vc_column width=&#8221;3\/4&#8243;][vc_column_text] Es normal que la compra de una propiedad genere dudas y preguntas, para ello hemos puesto alguna informaci\u00f3n abajo que puede aclarar algunas de tus inquietudes. Nosotros estaremos durante todo el proceso de adquisici\u00f3n a tu lado , ayud\u00e1ndote y aportando soluciones. Estaremos encantados [&hellip;]<\/p>\n","protected":false},"author":3,"featured_media":0,"parent":0,"menu_order":0,"comment_status":"closed","ping_status":"closed","template":"template\/template-homepage.php","meta":{"_acf_changed":false,"footnotes":""},"acf":[],"_links":{"self":[{"href":"https:\/\/sunsethomesspain.com\/es\/wp-json\/wp\/v2\/pages\/2257931"}],"collection":[{"href":"https:\/\/sunsethomesspain.com\/es\/wp-json\/wp\/v2\/pages"}],"about":[{"href":"https:\/\/sunsethomesspain.com\/es\/wp-json\/wp\/v2\/types\/page"}],"author":[{"embeddable":true,"href":"https:\/\/sunsethomesspain.com\/es\/wp-json\/wp\/v2\/users\/3"}],"replies":[{"embeddable":true,"href":"https:\/\/sunsethomesspain.com\/es\/wp-json\/wp\/v2\/comments?post=2257931"}],"version-history":[{"count":23,"href":"https:\/\/sunsethomesspain.com\/es\/wp-json\/wp\/v2\/pages\/2257931\/revisions"}],"predecessor-version":[{"id":2258290,"href":"https:\/\/sunsethomesspain.com\/es\/wp-json\/wp\/v2\/pages\/2257931\/revisions\/2258290"}],"wp:attachment":[{"href":"https:\/\/sunsethomesspain.com\/es\/wp-json\/wp\/v2\/media?parent=2257931"}],"curies":[{"name":"wp","href":"https:\/\/api.w.org\/{rel}","templated":true}]}}