{"id":2257950,"date":"2020-11-30T17:42:10","date_gmt":"2020-11-30T17:42:10","guid":{"rendered":"https:\/\/sunsethomesspain.com\/nuestros-servicios\/interior-design\/"},"modified":"2021-02-05T22:42:52","modified_gmt":"2021-02-05T22:42:52","slug":"diseno-de-interiores","status":"publish","type":"page","link":"https:\/\/sunsethomesspain.com\/es\/servicios\/diseno-de-interiores\/","title":{"rendered":"Dise\u00f1o de interiores"},"content":{"rendered":"<div class=\"wpb-content-wrapper\"><p>[vc_row css=&#8221;.vc_custom_1612564376305{padding-top: 100px !important;padding-bottom: 20px !important;}&#8221;][vc_column][vc_column_text]Te apetece hacer alg\u00fan cambio en tu hogar? En nuestro equipo tenemos una dise\u00f1adora de interiores que har\u00e1 realidad tus sue\u00f1os d\u00e1ndole el toque profesional que marca las diferencias, as\u00ed que no dudes en contactarnos para poder concertar una cita.[\/vc_column_text][\/vc_column][\/vc_row][vc_row][vc_column width=&#8221;1\/2&#8243;]\r\n\t\t<div\r\n\t\t\tclass=\"twentytwenty-container wb_vc_baic_container\"\r\n\t\t\tid=\"wb_before_after_1_1776540673\"\r\n\t\t\tdata-before-text = \"Antes\"\r\n\t\t\tdata-after-text = \"Despu\u00e9s\"\r\n\t\t\tdata-orientation = \"horizontal\"\r\n\t\t\tdata-move_slider_on_hover = \"\"\r\n\t\t\tdata-click_to_move = \"\"\r\n\t\t\tdata-default_offset = \"0.5\"\r\n\t\t>\r\n\t\t\t<img loading=\"lazy\" decoding=\"async\" width=\"592\" height=\"444\" src=\"https:\/\/sunsethomesspain.com\/wp-content\/uploads\/2021\/02\/interior-design-before1-592x444.jpg\" class=\"attachment-houzez-item-image-1 size-houzez-item-image-1\" alt=\"\" srcset=\"https:\/\/sunsethomesspain.com\/wp-content\/uploads\/2021\/02\/interior-design-before1-592x444.jpg 592w, https:\/\/sunsethomesspain.com\/wp-content\/uploads\/2021\/02\/interior-design-before1-584x438.jpg 584w, https:\/\/sunsethomesspain.com\/wp-content\/uploads\/2021\/02\/interior-design-before1-120x90.jpg 120w\" sizes=\"(max-width: 592px) 100vw, 592px\" \/>\t\t\t<img loading=\"lazy\" decoding=\"async\" width=\"592\" height=\"444\" src=\"https:\/\/sunsethomesspain.com\/wp-content\/uploads\/2021\/02\/interior-design-after19-592x444.jpg\" class=\"attachment-houzez-item-image-1 size-houzez-item-image-1\" alt=\"\" srcset=\"https:\/\/sunsethomesspain.com\/wp-content\/uploads\/2021\/02\/interior-design-after19-592x444.jpg 592w, https:\/\/sunsethomesspain.com\/wp-content\/uploads\/2021\/02\/interior-design-after19-584x438.jpg 584w, https:\/\/sunsethomesspain.com\/wp-content\/uploads\/2021\/02\/interior-design-after19-120x90.jpg 120w\" sizes=\"(max-width: 592px) 100vw, 592px\" \/>\t\t<\/div>\r\n<!--  -->\r\n[\/vc_column][vc_column width=&#8221;1\/2&#8243;]\r\n\t\t<div\r\n\t\t\tclass=\"twentytwenty-container wb_vc_baic_container\"\r\n\t\t\tid=\"wb_before_after_2_1776540673\"\r\n\t\t\tdata-before-text = \"Antes\"\r\n\t\t\tdata-after-text = \"Despu\u00e9s\"\r\n\t\t\tdata-orientation = \"horizontal\"\r\n\t\t\tdata-move_slider_on_hover = \"\"\r\n\t\t\tdata-click_to_move = \"\"\r\n\t\t\tdata-default_offset = \"0.5\"\r\n\t\t>\r\n\t\t\t<img loading=\"lazy\" decoding=\"async\" width=\"592\" height=\"444\" src=\"https:\/\/sunsethomesspain.com\/wp-content\/uploads\/2021\/02\/interior-design-before3-592x444.jpg\" class=\"attachment-houzez-item-image-1 size-houzez-item-image-1\" alt=\"\" srcset=\"https:\/\/sunsethomesspain.com\/wp-content\/uploads\/2021\/02\/interior-design-before3-592x444.jpg 592w, https:\/\/sunsethomesspain.com\/wp-content\/uploads\/2021\/02\/interior-design-before3-584x438.jpg 584w, https:\/\/sunsethomesspain.com\/wp-content\/uploads\/2021\/02\/interior-design-before3-120x90.jpg 120w\" sizes=\"(max-width: 592px) 100vw, 592px\" \/>\t\t\t<img loading=\"lazy\" decoding=\"async\" width=\"592\" height=\"444\" src=\"https:\/\/sunsethomesspain.com\/wp-content\/uploads\/2021\/02\/interior-design-after3-592x444.jpg\" class=\"attachment-houzez-item-image-1 size-houzez-item-image-1\" alt=\"\" srcset=\"https:\/\/sunsethomesspain.com\/wp-content\/uploads\/2021\/02\/interior-design-after3-592x444.jpg 592w, https:\/\/sunsethomesspain.com\/wp-content\/uploads\/2021\/02\/interior-design-after3-584x438.jpg 584w, https:\/\/sunsethomesspain.com\/wp-content\/uploads\/2021\/02\/interior-design-after3-120x90.jpg 120w\" sizes=\"(max-width: 592px) 100vw, 592px\" \/>\t\t<\/div>\r\n<!--  -->\r\n[\/vc_column][\/vc_row][vc_row][vc_column][vc_empty_space height=&#8221;30px&#8221;][\/vc_column][\/vc_row][vc_row][vc_column width=&#8221;1\/2&#8243;]\r\n\t\t<div\r\n\t\t\tclass=\"twentytwenty-container wb_vc_baic_container\"\r\n\t\t\tid=\"wb_before_after_3_1776540673\"\r\n\t\t\tdata-before-text = \"Antes\"\r\n\t\t\tdata-after-text = \"Despu\u00e9s\"\r\n\t\t\tdata-orientation = \"horizontal\"\r\n\t\t\tdata-move_slider_on_hover = \"\"\r\n\t\t\tdata-click_to_move = \"\"\r\n\t\t\tdata-default_offset = \"0.5\"\r\n\t\t>\r\n\t\t\t<img loading=\"lazy\" decoding=\"async\" width=\"592\" height=\"444\" src=\"https:\/\/sunsethomesspain.com\/wp-content\/uploads\/2021\/02\/interior-design-before4-592x444.jpg\" class=\"attachment-houzez-item-image-1 size-houzez-item-image-1\" alt=\"\" srcset=\"https:\/\/sunsethomesspain.com\/wp-content\/uploads\/2021\/02\/interior-design-before4-592x444.jpg 592w, https:\/\/sunsethomesspain.com\/wp-content\/uploads\/2021\/02\/interior-design-before4-584x438.jpg 584w, https:\/\/sunsethomesspain.com\/wp-content\/uploads\/2021\/02\/interior-design-before4-120x90.jpg 120w\" sizes=\"(max-width: 592px) 100vw, 592px\" \/>\t\t\t<img loading=\"lazy\" decoding=\"async\" width=\"592\" height=\"444\" src=\"https:\/\/sunsethomesspain.com\/wp-content\/uploads\/2021\/02\/interior-design-after14-592x444.jpg\" class=\"attachment-houzez-item-image-1 size-houzez-item-image-1\" alt=\"\" srcset=\"https:\/\/sunsethomesspain.com\/wp-content\/uploads\/2021\/02\/interior-design-after14-592x444.jpg 592w, https:\/\/sunsethomesspain.com\/wp-content\/uploads\/2021\/02\/interior-design-after14-584x438.jpg 584w, https:\/\/sunsethomesspain.com\/wp-content\/uploads\/2021\/02\/interior-design-after14-120x90.jpg 120w\" sizes=\"(max-width: 592px) 100vw, 592px\" \/>\t\t<\/div>\r\n<!--  -->\r\n[\/vc_column][vc_column width=&#8221;1\/2&#8243;]\r\n\t\t<div\r\n\t\t\tclass=\"twentytwenty-container wb_vc_baic_container\"\r\n\t\t\tid=\"wb_before_after_4_1776540673\"\r\n\t\t\tdata-before-text = \"Antes\"\r\n\t\t\tdata-after-text = \"Despu\u00e9s\"\r\n\t\t\tdata-orientation = \"horizontal\"\r\n\t\t\tdata-move_slider_on_hover = \"\"\r\n\t\t\tdata-click_to_move = \"\"\r\n\t\t\tdata-default_offset = \"0.5\"\r\n\t\t>\r\n\t\t\t<img loading=\"lazy\" decoding=\"async\" width=\"592\" height=\"444\" src=\"https:\/\/sunsethomesspain.com\/wp-content\/uploads\/2021\/02\/interior-design-before5-592x444.jpg\" class=\"attachment-houzez-item-image-1 size-houzez-item-image-1\" alt=\"\" srcset=\"https:\/\/sunsethomesspain.com\/wp-content\/uploads\/2021\/02\/interior-design-before5-592x444.jpg 592w, https:\/\/sunsethomesspain.com\/wp-content\/uploads\/2021\/02\/interior-design-before5-584x438.jpg 584w, https:\/\/sunsethomesspain.com\/wp-content\/uploads\/2021\/02\/interior-design-before5-120x90.jpg 120w\" sizes=\"(max-width: 592px) 100vw, 592px\" \/>\t\t\t<img loading=\"lazy\" decoding=\"async\" width=\"592\" height=\"444\" src=\"https:\/\/sunsethomesspain.com\/wp-content\/uploads\/2021\/02\/interior-design-after10-592x444.jpg\" class=\"attachment-houzez-item-image-1 size-houzez-item-image-1\" alt=\"\" srcset=\"https:\/\/sunsethomesspain.com\/wp-content\/uploads\/2021\/02\/interior-design-after10-592x444.jpg 592w, https:\/\/sunsethomesspain.com\/wp-content\/uploads\/2021\/02\/interior-design-after10-584x438.jpg 584w, https:\/\/sunsethomesspain.com\/wp-content\/uploads\/2021\/02\/interior-design-after10-120x90.jpg 120w\" sizes=\"(max-width: 592px) 100vw, 592px\" \/>\t\t<\/div>\r\n<!--  -->\r\n[\/vc_column][\/vc_row][vc_row][vc_column][vc_empty_space height=&#8221;100px&#8221;][\/vc_column][\/vc_row]<\/p>\n<\/div>","protected":false},"excerpt":{"rendered":"<p>[vc_row css=&#8221;.vc_custom_1612564376305{padding-top: 100px !important;padding-bottom: 20px !important;}&#8221;][vc_column][vc_column_text]Te apetece hacer alg\u00fan cambio en tu hogar? En nuestro equipo tenemos una dise\u00f1adora de interiores que har\u00e1 realidad tus sue\u00f1os d\u00e1ndole el toque profesional que marca las diferencias, as\u00ed que no dudes en contactarnos para poder concertar una cita.[\/vc_column_text][\/vc_column][\/vc_row][vc_row][vc_column width=&#8221;1\/2&#8243;][\/vc_column][vc_column width=&#8221;1\/2&#8243;][\/vc_column][\/vc_row][vc_row][vc_column][vc_empty_space height=&#8221;30px&#8221;][\/vc_column][\/vc_row][vc_row][vc_column width=&#8221;1\/2&#8243;][\/vc_column][vc_column width=&#8221;1\/2&#8243;][\/vc_column][\/vc_row][vc_row][vc_column][vc_empty_space height=&#8221;100px&#8221;][\/vc_column][\/vc_row]<\/p>\n","protected":false},"author":3,"featured_media":0,"parent":2257938,"menu_order":0,"comment_status":"closed","ping_status":"closed","template":"template\/template-homepage.php","meta":{"_acf_changed":false,"footnotes":""},"acf":[],"_links":{"self":[{"href":"https:\/\/sunsethomesspain.com\/es\/wp-json\/wp\/v2\/pages\/2257950"}],"collection":[{"href":"https:\/\/sunsethomesspain.com\/es\/wp-json\/wp\/v2\/pages"}],"about":[{"href":"https:\/\/sunsethomesspain.com\/es\/wp-json\/wp\/v2\/types\/page"}],"author":[{"embeddable":true,"href":"https:\/\/sunsethomesspain.com\/es\/wp-json\/wp\/v2\/users\/3"}],"replies":[{"embeddable":true,"href":"https:\/\/sunsethomesspain.com\/es\/wp-json\/wp\/v2\/comments?post=2257950"}],"version-history":[{"count":14,"href":"https:\/\/sunsethomesspain.com\/es\/wp-json\/wp\/v2\/pages\/2257950\/revisions"}],"predecessor-version":[{"id":2258537,"href":"https:\/\/sunsethomesspain.com\/es\/wp-json\/wp\/v2\/pages\/2257950\/revisions\/2258537"}],"up":[{"embeddable":true,"href":"https:\/\/sunsethomesspain.com\/es\/wp-json\/wp\/v2\/pages\/2257938"}],"wp:attachment":[{"href":"https:\/\/sunsethomesspain.com\/es\/wp-json\/wp\/v2\/media?parent=2257950"}],"curies":[{"name":"wp","href":"https:\/\/api.w.org\/{rel}","templated":true}]}}