{"id":2257956,"date":"2020-11-30T17:43:20","date_gmt":"2020-11-30T17:43:20","guid":{"rendered":"https:\/\/sunsethomesspain.com\/nuestros-servicios\/legal-services\/"},"modified":"2021-02-01T08:47:47","modified_gmt":"2021-02-01T08:47:47","slug":"asesoramiento-legal","status":"publish","type":"page","link":"https:\/\/sunsethomesspain.com\/es\/servicios\/asesoramiento-legal\/","title":{"rendered":"Asesoramiento Legal"},"content":{"rendered":"<div class=\"wpb-content-wrapper\"><p>[vc_row css=&#8221;.vc_custom_1604593936736{padding-top: 100px !important;padding-bottom: 100px !important;}&#8221;][vc_column][vc_column_text]Nuestro equipo de abogados y asesores fiscales, te ayudar\u00e1n en todo lo necesario para la compra de la casa de tus sue\u00f1os en cuanto a documentaci\u00f3n, impuestos etc, pero paralalelamente tambi\u00e9n podemos ayudarte con cualquier tipo de requerimiento o documentos que necesites en Espa\u00f1a.<\/p>\n<p><strong>NIE (N\u00famero de identidad de extranjero).<\/strong><br \/>\nEste documento es un n\u00famero personal de identificaci\u00f3n para extranjeros oficial, obligatorio para todos ellos. No solo es un documento identificativo sino tambi\u00e9n necesario para la gesti\u00f3n de impuestos. Te ayudamos en la obtenci\u00f3n del NIE en la Direcci\u00f3n General de la Policia.<\/p>\n<p><strong>Apertura de Cuenta Bancaria<\/strong><br \/>\nEn caso de que necesites abrir una cuenta bancaria, nosotros te ayudamos, la documentaci\u00f3n necesaria es siempre extensa y no es f\u00e1cil de entender.<\/p>\n<p><strong>Poder de representaci\u00f3n<\/strong><br \/>\nPara que podamos realizar operaciones en tu nombre, tales como el NIE, firmar operaciones de inversi\u00f3n, etc. Este poder se puede realizar tanto en tu pa\u00eds de origen como en Espa\u00f1a.<\/p>\n<p>Por favor , no dude en contactar con nosotros, estamos aqu\u00ed para ayudarle ![\/vc_column_text][\/vc_column][\/vc_row]<\/p>\n<\/div>","protected":false},"excerpt":{"rendered":"<p>[vc_row css=&#8221;.vc_custom_1604593936736{padding-top: 100px !important;padding-bottom: 100px !important;}&#8221;][vc_column][vc_column_text]Nuestro equipo de abogados y asesores fiscales, te ayudar\u00e1n en todo lo necesario para la compra de la casa de tus sue\u00f1os en cuanto a documentaci\u00f3n, impuestos etc, pero paralalelamente tambi\u00e9n podemos ayudarte con cualquier tipo de requerimiento o documentos que necesites en Espa\u00f1a. NIE (N\u00famero de identidad de extranjero). [&hellip;]<\/p>\n","protected":false},"author":3,"featured_media":0,"parent":2257938,"menu_order":0,"comment_status":"closed","ping_status":"closed","template":"template\/template-homepage.php","meta":{"_acf_changed":false,"footnotes":""},"acf":[],"_links":{"self":[{"href":"https:\/\/sunsethomesspain.com\/es\/wp-json\/wp\/v2\/pages\/2257956"}],"collection":[{"href":"https:\/\/sunsethomesspain.com\/es\/wp-json\/wp\/v2\/pages"}],"about":[{"href":"https:\/\/sunsethomesspain.com\/es\/wp-json\/wp\/v2\/types\/page"}],"author":[{"embeddable":true,"href":"https:\/\/sunsethomesspain.com\/es\/wp-json\/wp\/v2\/users\/3"}],"replies":[{"embeddable":true,"href":"https:\/\/sunsethomesspain.com\/es\/wp-json\/wp\/v2\/comments?post=2257956"}],"version-history":[{"count":11,"href":"https:\/\/sunsethomesspain.com\/es\/wp-json\/wp\/v2\/pages\/2257956\/revisions"}],"predecessor-version":[{"id":2258378,"href":"https:\/\/sunsethomesspain.com\/es\/wp-json\/wp\/v2\/pages\/2257956\/revisions\/2258378"}],"up":[{"embeddable":true,"href":"https:\/\/sunsethomesspain.com\/es\/wp-json\/wp\/v2\/pages\/2257938"}],"wp:attachment":[{"href":"https:\/\/sunsethomesspain.com\/es\/wp-json\/wp\/v2\/media?parent=2257956"}],"curies":[{"name":"wp","href":"https:\/\/api.w.org\/{rel}","templated":true}]}}