{"id":2257968,"date":"2020-11-30T17:41:12","date_gmt":"2020-11-30T17:41:12","guid":{"rendered":"https:\/\/sunsethomesspain.com\/nuestros-servicios\/refurbishments\/"},"modified":"2020-12-30T07:58:24","modified_gmt":"2020-12-30T07:58:24","slug":"reformas","status":"publish","type":"page","link":"https:\/\/sunsethomesspain.com\/es\/servicios\/reformas\/","title":{"rendered":"Reformas"},"content":{"rendered":"<div class=\"wpb-content-wrapper\"><p>[vc_row css=&#8221;.vc_custom_1604593936736{padding-top: 100px !important;padding-bottom: 100px !important;}&#8221;][vc_column][vc_column_text]Aqu\u00ed debajo puedes ver algunos de los trabajos que hemos realizado para nuestros clientes. En ocasiones, la adquisici\u00f3n de una propiedad viene precedida de algunos cambios por deseo del comprador con objeto de satisfacer sus necesidades, estos pueden ser grandes o peque\u00f1os, pero pueden marcar una gran diferencia. Algunos de nuestros clientes a veces quieren darle un toque a su vivienda m\u00e1s moderno, cambiar la cocina o hacer que entre m\u00e1s luz, nada es imposible!<\/p>\n<p>Es posible que tu tengas tus propias ideas o requieras de nuestra experiencia para aconsejarte. En cualquier caso, contamos con un equipo de profesionales , arquitectos, constructores a tu disposici\u00f3n para llevar a cabo cualquier proyecto.<\/p>\n<p>Por favor no dudes en contactar con nosotros y exponernos tus ideas![\/vc_column_text][\/vc_column][\/vc_row]<\/p>\n<\/div>","protected":false},"excerpt":{"rendered":"<p>[vc_row css=&#8221;.vc_custom_1604593936736{padding-top: 100px !important;padding-bottom: 100px !important;}&#8221;][vc_column][vc_column_text]Aqu\u00ed debajo puedes ver algunos de los trabajos que hemos realizado para nuestros clientes. En ocasiones, la adquisici\u00f3n de una propiedad viene precedida de algunos cambios por deseo del comprador con objeto de satisfacer sus necesidades, estos pueden ser grandes o peque\u00f1os, pero pueden marcar una gran diferencia. Algunos de [&hellip;]<\/p>\n","protected":false},"author":3,"featured_media":0,"parent":2257938,"menu_order":0,"comment_status":"closed","ping_status":"closed","template":"template\/template-homepage.php","meta":{"_acf_changed":false,"footnotes":""},"acf":[],"_links":{"self":[{"href":"https:\/\/sunsethomesspain.com\/es\/wp-json\/wp\/v2\/pages\/2257968"}],"collection":[{"href":"https:\/\/sunsethomesspain.com\/es\/wp-json\/wp\/v2\/pages"}],"about":[{"href":"https:\/\/sunsethomesspain.com\/es\/wp-json\/wp\/v2\/types\/page"}],"author":[{"embeddable":true,"href":"https:\/\/sunsethomesspain.com\/es\/wp-json\/wp\/v2\/users\/3"}],"replies":[{"embeddable":true,"href":"https:\/\/sunsethomesspain.com\/es\/wp-json\/wp\/v2\/comments?post=2257968"}],"version-history":[{"count":4,"href":"https:\/\/sunsethomesspain.com\/es\/wp-json\/wp\/v2\/pages\/2257968\/revisions"}],"predecessor-version":[{"id":2258141,"href":"https:\/\/sunsethomesspain.com\/es\/wp-json\/wp\/v2\/pages\/2257968\/revisions\/2258141"}],"up":[{"embeddable":true,"href":"https:\/\/sunsethomesspain.com\/es\/wp-json\/wp\/v2\/pages\/2257938"}],"wp:attachment":[{"href":"https:\/\/sunsethomesspain.com\/es\/wp-json\/wp\/v2\/media?parent=2257968"}],"curies":[{"name":"wp","href":"https:\/\/api.w.org\/{rel}","templated":true}]}}