{"id":2258020,"date":"2020-12-03T09:00:18","date_gmt":"2020-12-03T09:00:18","guid":{"rendered":"https:\/\/sunsethomesspain.com\/long-term-rentals\/"},"modified":"2021-01-13T15:13:18","modified_gmt":"2021-01-13T15:13:18","slug":"alquileres-de-larga-temporada","status":"publish","type":"page","link":"https:\/\/sunsethomesspain.com\/es\/alquileres-de-larga-temporada\/","title":{"rendered":"Alquileres de larga temporada"},"content":{"rendered":"<div class=\"wpb-content-wrapper\"><p>[vc_row css=&#8221;.vc_custom_1604593936736{padding-top: 100px !important;padding-bottom: 100px !important;}&#8221;][vc_column][vc_column_text]Te gustar\u00eda quedarte m\u00e1s tiempo en Espa\u00f1a y alquilar por larga temporada? En Sunset Homes tenemos propiedades que podr\u00e1s alquilar en larga temporada (entre 2 y 9 meses de Septiembre a Junio). Por favor contacta\u00a0con nosotros para ver cu\u00e1les son tus necesidades y te ayudaremos a encontrar lo que buscas.[\/vc_column_text][\/vc_column][\/vc_row]<\/p>\n<\/div>","protected":false},"excerpt":{"rendered":"<p>[vc_row css=&#8221;.vc_custom_1604593936736{padding-top: 100px !important;padding-bottom: 100px !important;}&#8221;][vc_column][vc_column_text]Te gustar\u00eda quedarte m\u00e1s tiempo en Espa\u00f1a y alquilar por larga temporada? En Sunset Homes tenemos propiedades que podr\u00e1s alquilar en larga temporada (entre 2 y 9 meses de Septiembre a Junio). Por favor contacta\u00a0con nosotros para ver cu\u00e1les son tus necesidades y te ayudaremos a encontrar lo que buscas.[\/vc_column_text][\/vc_column][\/vc_row]<\/p>\n","protected":false},"author":3,"featured_media":0,"parent":0,"menu_order":0,"comment_status":"closed","ping_status":"closed","template":"template\/template-homepage.php","meta":{"_acf_changed":false,"footnotes":""},"acf":[],"_links":{"self":[{"href":"https:\/\/sunsethomesspain.com\/es\/wp-json\/wp\/v2\/pages\/2258020"}],"collection":[{"href":"https:\/\/sunsethomesspain.com\/es\/wp-json\/wp\/v2\/pages"}],"about":[{"href":"https:\/\/sunsethomesspain.com\/es\/wp-json\/wp\/v2\/types\/page"}],"author":[{"embeddable":true,"href":"https:\/\/sunsethomesspain.com\/es\/wp-json\/wp\/v2\/users\/3"}],"replies":[{"embeddable":true,"href":"https:\/\/sunsethomesspain.com\/es\/wp-json\/wp\/v2\/comments?post=2258020"}],"version-history":[{"count":4,"href":"https:\/\/sunsethomesspain.com\/es\/wp-json\/wp\/v2\/pages\/2258020\/revisions"}],"predecessor-version":[{"id":2258163,"href":"https:\/\/sunsethomesspain.com\/es\/wp-json\/wp\/v2\/pages\/2258020\/revisions\/2258163"}],"wp:attachment":[{"href":"https:\/\/sunsethomesspain.com\/es\/wp-json\/wp\/v2\/media?parent=2258020"}],"curies":[{"name":"wp","href":"https:\/\/api.w.org\/{rel}","templated":true}]}}