{"id":3393,"date":"2020-06-16T08:20:28","date_gmt":"2020-06-16T08:20:28","guid":{"rendered":"https:\/\/www.bbdimension.com\/files\/sunset\/?page_id=3393"},"modified":"2024-01-16T18:21:33","modified_gmt":"2024-01-16T18:21:33","slug":"conoceno","status":"publish","type":"page","link":"https:\/\/sunsethomesspain.com\/es\/conoceno\/","title":{"rendered":"Con\u00f3cenos"},"content":{"rendered":"<p>&nbsp;<\/p>\n<p style=\"text-align: center;\"><strong>Nuestra misi\u00f3n es ayudarte a conseguir el hogar de tus sue\u00f1os.<\/strong><\/p>\n<p style=\"text-align: center;\">Sabemos por experiencia que lo m\u00e1s importante es escuchar e interpretar las necesidades de nuestros clientes.<br \/>\n\u00bfQuieres<strong> Vender<\/strong>, <strong>Comprar<\/strong> o <strong>Alquilar<\/strong>?<\/p>\n<p>Nuestro \u00e9xito se basa en satisfacer a clientes con grandes sue\u00f1os.<\/p>\n<p style=\"text-align: center;\"><img loading=\"lazy\" decoding=\"async\" class=\"wp-image-2257749 size-medium alignleft\" src=\"https:\/\/sunsethomesspain.com\/wp-content\/uploads\/2021\/02\/new-sunset-logo-colour.png\" alt=\"\" width=\"300\" height=\"244\" \/><\/p>\n<p style=\"text-align: left;\">El trabajo bien hecho, una amplia red de contactos y el conocimiento y actualizaci\u00f3n constante del mercado inmobiliario son los pilares de <strong>Sunset Homes<\/strong>.<br \/>\nPersonales y cercanos, as\u00ed somos. Te acompa\u00f1amos en cada paso del camino, ofreci\u00e9ndote soluciones integrales. Confianza y seguridad, nuestra marca. Contamos con un excelente equipo legal y financiero para tu total asesoramiento de habla Espa\u00f1ola, Inglesa y Sueca.<\/p>\n<p style=\"text-align: left;\"><strong>Sunset Homes<\/strong>, est\u00e1 dise\u00f1ada para hacer tu vida m\u00e1s f\u00e1cil y con menos problemas.<\/p>\n<p style=\"text-align: left; padding-left: 120px;\">Nuestras propiedades son de alta calidad y de primera categor\u00eda, en un amplio rango de precios.<br \/>\n\u00bfQu\u00e9 est\u00e1s buscando? \u00bfUna Villa, Apartamento, Nueva construcci\u00f3n&#8230;o quiz\u00e1s un Cortijo Andaluz? Somos miembros de la mayor red de propiedades de Espa\u00f1a, todas tus necesidades las atenderemos con \u00e9xito.<\/p>\n<p>&nbsp;<\/p>\n<p style=\"text-align: center; padding-left: 40px;\"><strong><em>Una casa est\u00e1 hecha de muros y ladrillos, el hogar se hace con amor y cari\u00f1o.<\/em> <\/strong><\/p>\n<p style=\"text-align: left;\"><strong>Sunset Homes<\/strong> est\u00e1 exclusivamente dirigida a productos con altos est\u00e1ndares de calidad, para ello contamos<br \/>\ncon un equipo de profesionales ampliamente formados aportando soluciones integrales, desde redise\u00f1ar<br \/>\ntu jard\u00edn hasta el asesoramiento legal y financiero, satisfaciendo tus necesidades de una forma segura y c\u00f3moda.<\/p>\n<p style=\"text-align: left;\">A\u00f1adimos valor a tus operaciones a trav\u00e9s de nuestra experiencia en el mercado inmobiliario, cualquiera que sea tu proyecto.<\/p>\n<p style=\"text-align: left; padding-left: 80px;\">Alquilar una Villa en Marbella, comprar o vender una propiedad buscando un retorno de la inversi\u00f3n o un mayor beneficio.<\/p>\n<p style=\"padding-left: 160px;\">\u00a1La misi\u00f3n de<strong> Sunset Homes<\/strong> es escuchar tus sue\u00f1os, planes e ideas y realizarlos!<\/p>\n<p style=\"padding-left: 40px;\">Mi equipo y yo estaremos encantados de atenderle.<\/p>\n<p style=\"padding-left: 160px;\">\u00a0 Con mis mejores deseos, saludos.<br \/>\n<em>\u00a0 Annelie Ericson<\/em><\/p>\n<p>&nbsp;<\/p>\n","protected":false},"excerpt":{"rendered":"<p>&nbsp; Nuestra misi\u00f3n es ayudarte a conseguir el hogar de tus sue\u00f1os. Sabemos por experiencia que lo m\u00e1s importante es escuchar e interpretar las necesidades de nuestros clientes. \u00bfQuieres Vender, Comprar o Alquilar? Nuestro \u00e9xito se basa en satisfacer a clientes con grandes sue\u00f1os. El trabajo bien hecho, una amplia red de contactos y el [&hellip;]<\/p>\n","protected":false},"author":3,"featured_media":0,"parent":0,"menu_order":0,"comment_status":"closed","ping_status":"closed","template":"template\/template-homepage.php","meta":{"_acf_changed":false,"footnotes":""},"acf":[],"_links":{"self":[{"href":"https:\/\/sunsethomesspain.com\/es\/wp-json\/wp\/v2\/pages\/3393"}],"collection":[{"href":"https:\/\/sunsethomesspain.com\/es\/wp-json\/wp\/v2\/pages"}],"about":[{"href":"https:\/\/sunsethomesspain.com\/es\/wp-json\/wp\/v2\/types\/page"}],"author":[{"embeddable":true,"href":"https:\/\/sunsethomesspain.com\/es\/wp-json\/wp\/v2\/users\/3"}],"replies":[{"embeddable":true,"href":"https:\/\/sunsethomesspain.com\/es\/wp-json\/wp\/v2\/comments?post=3393"}],"version-history":[{"count":62,"href":"https:\/\/sunsethomesspain.com\/es\/wp-json\/wp\/v2\/pages\/3393\/revisions"}],"predecessor-version":[{"id":2260198,"href":"https:\/\/sunsethomesspain.com\/es\/wp-json\/wp\/v2\/pages\/3393\/revisions\/2260198"}],"wp:attachment":[{"href":"https:\/\/sunsethomesspain.com\/es\/wp-json\/wp\/v2\/media?parent=3393"}],"curies":[{"name":"wp","href":"https:\/\/api.w.org\/{rel}","templated":true}]}}