{"id":2257727,"date":"2020-11-16T13:56:13","date_gmt":"2020-11-16T13:56:13","guid":{"rendered":"https:\/\/www.bbdimension.com\/files\/sunset\/foretag\/"},"modified":"2024-01-16T18:22:31","modified_gmt":"2024-01-16T18:22:31","slug":"om-oss","status":"publish","type":"page","link":"https:\/\/sunsethomesspain.com\/sv\/om-oss\/","title":{"rendered":"Om oss"},"content":{"rendered":"<p>&nbsp;<\/p>\n<p style=\"text-align: center;\"><strong>V\u00e5rt m\u00e5l \u00e4r att hj\u00e4lpa till att uppfylla er dr\u00f6m och hitta ett hem som ni \u00e4lskar.<\/strong><\/p>\n<p>Med \u00e5r av erfarenhet s\u00e5 vet vi att den viktigaste delen i ett framg\u00e5ngsrikt f\u00f6retag \u00e4r att lyssna p\u00e5 vad v\u00e5ra klienter efterfr\u00e5gar,<br \/>\nvill ni <strong>S\u00e4lja<\/strong>, <strong>K\u00f6pa<\/strong> eller <strong>Hyra<\/strong>?<\/p>\n<p>V\u00e5r framg\u00e5ng \u00e4r byggt p\u00e5 \u00e5r av n\u00f6jda kunder med stora dr\u00f6mmar.<\/p>\n<p style=\"text-align: center;\"><img loading=\"lazy\" decoding=\"async\" class=\"wp-image-2257789 alignleft\" src=\"https:\/\/sunsethomesspain.com\/wp-content\/uploads\/2021\/02\/new-sunset-logo-colour.png\" alt=\"\" width=\"302\" height=\"262\" \/><\/p>\n<p style=\"text-align: left;\">Med h\u00e5rt arbete, ett stort vidstr\u00e4ckt n\u00e4tverk med fantastiska kontakter och sj\u00e4lvfallet att vi alltid \u00e4r uppdaterade p\u00e5<br \/>\nReal Estate marknaden s\u00e5 kan vi garanterat hj\u00e4lpa er.<br \/>\nVi vill att alla vara klienter ska forts\u00e4tta rekommendera oss i framtiden och detta g\u00f6rs endast om vi har 100% n\u00f6jda klienter i varje steg av processen.<br \/>\nVi vill \u00e4ven att v\u00e5ra klienter ska k\u00e4nna sig s\u00e4kra genom hela den finansiella\/juridiska processen och kanske \u00e4ven vill ha hj\u00e4lp efter genomf\u00f6rt k\u00f6p eller f\u00f6rs\u00e4ljning med skattefr\u00e5gor etc. Vi har d\u00e4rf\u00f6r det b\u00e4sta teamet med stor erfarenhet och professionalitet inom juridiska, skatte- och redovisningsfr\u00e5gor i Spanien, som dessutom pratar svenska, engelska och spanska.<\/p>\n<p style=\"text-align: left; padding-left: 320px;\">F\u00f6r att g\u00f6ra allt enklare f\u00f6r v\u00e5ra klienter s\u00e5 har vi byggt upp v\u00e5rt f\u00f6retag med allt under ett och samma tak,<br \/>\nf\u00f6r mer effektivitet och med mindre problem.<br \/>\n<strong>Sunset Homes<\/strong> erbjuder h\u00f6gkvalitet och f\u00f6rstklassiga fastigheter i alla prisklasser.<br \/>\nVad letar ni efter? En villa, l\u00e4genhet, nybyggt, tomt att bygga ert dr\u00f6mhus p\u00e5 eller kanske ett hus att hyra?<br \/>\nVi hj\u00e4lper er hittar det ni s\u00f6ker!<br \/>\nSunset Homes \u00e4r medlemmar av Spaniens st\u00f6rsta fastighets n\u00e4tverk, vilket g\u00f6r att vi alltid \u00e4r uppdaterade p\u00e5 marknaden.<\/p>\n<p>&nbsp;<\/p>\n<p style=\"text-align: center;\"><strong><em>A house is made with walls and beams; a home is built with love and dreams.<\/em> <\/strong><\/p>\n<p style=\"text-align: left;\">Mitt namn \u00e4r Annelie Ericson, jag \u00e4r f\u00f6dd, uppvuxen i Stockholm, Sverige och bor och arbetar sen 10 \u00e5r tillbaka i Marbella och \u00e4r en av de stolta \u00e4garna av <strong>Sunset Homes<\/strong>.<br \/>\nMed ett professionellt team runt oss s\u00e5 har vi skapat ett f\u00f6retag med en personlig och lyxig k\u00e4nsla som erbjuder v\u00e5ra klienter allt under ett och samma tak.<br \/>\nInnan vi startade <strong>Sunset Homes<\/strong> \u00e4gnade vi mycket tid p\u00e5 att g\u00f6ra research, f\u00f6r att kunna se vad som saknades p\u00e5 Real Estate marknaden i Spanien och vad vi kunde g\u00f6ra b\u00e4ttre \u00e4n andra. Vi s\u00e5g bland annat att m\u00e5nga klienter och investerare ofta har stora planer och id\u00e9er n\u00e4r dem vill k\u00f6pa eller s\u00e4lja en fastighet, vi valde d\u00e4rf\u00f6r att skapa ett f\u00f6retag som arbetar n\u00e4ra sina klienter och att vi \u00e4r med i varje steg.<\/p>\n<p style=\"text-align: left;\">N\u00e4r vi hj\u00e4lper er att hitta er dr\u00f6mfastighet eller investering h\u00e4r i Spanien kanske ni \u00e4ven har planer p\u00e5 att ni vill hyra ut n\u00e4r ni tillbringar tid i Sverige, kanske ni vill tillbringa mer tid h\u00e4r p\u00e5 Costa del Sol och vill hyra en fantastisk bostad av oss, eller n\u00e4r ni k\u00f6pt er nya villa och vill att v\u00e5ra tr\u00e4dg\u00e5rdsarkitekter skapar en tr\u00e4dg\u00e5rd som alla pratar om f\u00f6r att \u00e4ven\u00a0 se till att er investering v\u00e4xer. Allt \u00e4r m\u00f6jligt!<\/p>\n<p style=\"text-align: left;\">Vi pratar Svenska, Engelska och Spanska.<\/p>\n<p style=\"text-align: left;\">Vi lyssnar p\u00e5 hur era dr\u00f6mmar ser ut och ser till att uppfylla dem!<\/p>\n<p style=\"text-align: left; padding-left: 160px;\"><strong>\u00a0 Med v\u00e4nlig h\u00e4lsning\/Saludos<\/strong><br \/>\n<em>\u00a0 \u00a0Annelie Ericson med team<\/em><\/p>\n","protected":false},"excerpt":{"rendered":"<p>&nbsp; V\u00e5rt m\u00e5l \u00e4r att hj\u00e4lpa till att uppfylla er dr\u00f6m och hitta ett hem som ni \u00e4lskar. Med \u00e5r av erfarenhet s\u00e5 vet vi att den viktigaste delen i ett framg\u00e5ngsrikt f\u00f6retag \u00e4r att lyssna p\u00e5 vad v\u00e5ra klienter efterfr\u00e5gar, vill ni S\u00e4lja, K\u00f6pa eller Hyra? V\u00e5r framg\u00e5ng \u00e4r byggt p\u00e5 \u00e5r av n\u00f6jda [&hellip;]<\/p>\n","protected":false},"author":3,"featured_media":0,"parent":0,"menu_order":0,"comment_status":"closed","ping_status":"closed","template":"template\/template-homepage.php","meta":{"_acf_changed":false,"footnotes":""},"acf":[],"_links":{"self":[{"href":"https:\/\/sunsethomesspain.com\/sv\/wp-json\/wp\/v2\/pages\/2257727"}],"collection":[{"href":"https:\/\/sunsethomesspain.com\/sv\/wp-json\/wp\/v2\/pages"}],"about":[{"href":"https:\/\/sunsethomesspain.com\/sv\/wp-json\/wp\/v2\/types\/page"}],"author":[{"embeddable":true,"href":"https:\/\/sunsethomesspain.com\/sv\/wp-json\/wp\/v2\/users\/3"}],"replies":[{"embeddable":true,"href":"https:\/\/sunsethomesspain.com\/sv\/wp-json\/wp\/v2\/comments?post=2257727"}],"version-history":[{"count":40,"href":"https:\/\/sunsethomesspain.com\/sv\/wp-json\/wp\/v2\/pages\/2257727\/revisions"}],"predecessor-version":[{"id":2260200,"href":"https:\/\/sunsethomesspain.com\/sv\/wp-json\/wp\/v2\/pages\/2257727\/revisions\/2260200"}],"wp:attachment":[{"href":"https:\/\/sunsethomesspain.com\/sv\/wp-json\/wp\/v2\/media?parent=2257727"}],"curies":[{"name":"wp","href":"https:\/\/api.w.org\/{rel}","templated":true}]}}