{"id":2257945,"date":"2020-11-30T17:41:41","date_gmt":"2020-11-30T17:41:41","guid":{"rendered":"https:\/\/sunsethomesspain.com\/vara-tjanster\/gardens\/"},"modified":"2021-01-28T10:13:22","modified_gmt":"2021-01-28T10:13:22","slug":"tradgardsdesign-skotsel","status":"publish","type":"page","link":"https:\/\/sunsethomesspain.com\/sv\/vara-tjanster\/tradgardsdesign-skotsel\/","title":{"rendered":"Tr\u00e4dg\u00e5rdsdesign\/sk\u00f6tsel"},"content":{"rendered":"<div class=\"wpb-content-wrapper\"><p>[vc_row css=&#8221;.vc_custom_1604593936736{padding-top: 100px !important;padding-bottom: 100px !important;}&#8221;][vc_column][vc_column_text]Vi har stor erfarenhet av tr\u00e4dg\u00e5rdsdesign och sk\u00f6tsel, vi \u00e4r stolta att ber\u00e4tta att vi har ett n\u00e4ra samarbete med ett mycket k\u00e4nt f\u00f6retag inom tr\u00e4dg\u00e5rdsdesign och sk\u00f6tsel. Detta f\u00f6retaget har bland annat gjort tr\u00e4dg\u00e5rdarna till <strong>Marbella Club Hotel<\/strong>, <strong>La Reserva Sotogrande<\/strong>, <strong>Restaurang Breathe i Nueva Andalucia<\/strong> f\u00f6r att n\u00e4mna n\u00e5gra kunder.<\/p>\n<p>Nedan kan ni se bilder fr\u00e5n vissa jobb som vi gjort. K\u00e4nner ni att ni vill ha n\u00e5got ut\u00f6ver det vanliga eller endast ge mer liv \u00e5t er tr\u00e4dg\u00e5rd s\u00e5 finns vi h\u00e4r f\u00f6r er.[\/vc_column_text][vc_row_inner][vc_column_inner width=&#8221;1\/2&#8243;][vc_media_grid element_width=&#8221;3&#8243; grid_id=&#8221;vc_gid:1611828780687-bcf463a4-a5a4-4&#8243; include=&#8221;2258242,2258251,2258248,2258245,2258294,2258303,2258300,2258297&#8243;][\/vc_column_inner][vc_column_inner width=&#8221;1\/2&#8243;][vc_column_text]<\/p>\n<div style=\"width: 640px;\" class=\"wp-video\"><!--[if lt IE 9]><script>document.createElement('video');<\/script><![endif]-->\n<video class=\"wp-video-shortcode\" id=\"video-2257945-1\" width=\"640\" height=\"352\" preload=\"metadata\" controls=\"controls\"><source type=\"video\/mp4\" src=\"https:\/\/sunsethomesspain.com\/wp-content\/uploads\/2021\/01\/gardens.mp4?_=1\" \/><a href=\"https:\/\/sunsethomesspain.com\/wp-content\/uploads\/2021\/01\/gardens.mp4\">https:\/\/sunsethomesspain.com\/wp-content\/uploads\/2021\/01\/gardens.mp4<\/a><\/video><\/div>\n<p>[\/vc_column_text][\/vc_column_inner][\/vc_row_inner][\/vc_column][\/vc_row]<\/p>\n<\/div>","protected":false},"excerpt":{"rendered":"<p>[vc_row css=&#8221;.vc_custom_1604593936736{padding-top: 100px !important;padding-bottom: 100px !important;}&#8221;][vc_column][vc_column_text]Vi har stor erfarenhet av tr\u00e4dg\u00e5rdsdesign och sk\u00f6tsel, vi \u00e4r stolta att ber\u00e4tta att vi har ett n\u00e4ra samarbete med ett mycket k\u00e4nt f\u00f6retag inom tr\u00e4dg\u00e5rdsdesign och sk\u00f6tsel. Detta f\u00f6retaget har bland annat gjort tr\u00e4dg\u00e5rdarna till Marbella Club Hotel, La Reserva Sotogrande, Restaurang Breathe i Nueva Andalucia f\u00f6r att n\u00e4mna [&hellip;]<\/p>\n","protected":false},"author":3,"featured_media":0,"parent":2257939,"menu_order":0,"comment_status":"closed","ping_status":"closed","template":"template\/template-homepage.php","meta":{"_acf_changed":false,"footnotes":""},"acf":[],"_links":{"self":[{"href":"https:\/\/sunsethomesspain.com\/sv\/wp-json\/wp\/v2\/pages\/2257945"}],"collection":[{"href":"https:\/\/sunsethomesspain.com\/sv\/wp-json\/wp\/v2\/pages"}],"about":[{"href":"https:\/\/sunsethomesspain.com\/sv\/wp-json\/wp\/v2\/types\/page"}],"author":[{"embeddable":true,"href":"https:\/\/sunsethomesspain.com\/sv\/wp-json\/wp\/v2\/users\/3"}],"replies":[{"embeddable":true,"href":"https:\/\/sunsethomesspain.com\/sv\/wp-json\/wp\/v2\/comments?post=2257945"}],"version-history":[{"count":7,"href":"https:\/\/sunsethomesspain.com\/sv\/wp-json\/wp\/v2\/pages\/2257945\/revisions"}],"predecessor-version":[{"id":2258306,"href":"https:\/\/sunsethomesspain.com\/sv\/wp-json\/wp\/v2\/pages\/2257945\/revisions\/2258306"}],"up":[{"embeddable":true,"href":"https:\/\/sunsethomesspain.com\/sv\/wp-json\/wp\/v2\/pages\/2257939"}],"wp:attachment":[{"href":"https:\/\/sunsethomesspain.com\/sv\/wp-json\/wp\/v2\/media?parent=2257945"}],"curies":[{"name":"wp","href":"https:\/\/api.w.org\/{rel}","templated":true}]}}