{"id":2257957,"date":"2020-11-30T17:43:20","date_gmt":"2020-11-30T17:43:20","guid":{"rendered":"https:\/\/sunsethomesspain.com\/vara-tjanster\/legal-services\/"},"modified":"2021-02-01T08:46:53","modified_gmt":"2021-02-01T08:46:53","slug":"juridiska-tjanster","status":"publish","type":"page","link":"https:\/\/sunsethomesspain.com\/sv\/vara-tjanster\/juridiska-tjanster\/","title":{"rendered":"Juridiska tj\u00e4nster"},"content":{"rendered":"<div class=\"wpb-content-wrapper\"><p>[vc_row css=&#8221;.vc_custom_1604593936736{padding-top: 100px !important;padding-bottom: 100px !important;}&#8221;][vc_column][vc_column_text]Vi kan hj\u00e4lpa er med alla juridiska tj\u00e4nster ni efterfr\u00e5gar vid ett f\u00f6rv\u00e4rv av en bostad men \u00e4ven parallellt med k\u00f6pet (eller om ni endast vill ha juridisk hj\u00e4lp) s\u00e5 kan vi hj\u00e4lpa er med de dokument som \u00e4r viktiga att ha h\u00e4r i Spanien.<\/p>\n<p><strong>Nie: (Numero de Identidad de Extranjero).<\/strong><br \/>\nDet \u00e4r ett personligt och exklusivt identitetsnummer som alla utl\u00e4ndska medborgare ska ha i Spanien f\u00f6r identifierings- och skattesyfte. Denna handling hj\u00e4lper vi er att skaffa hos Direccion General de la Policia, vi beh\u00f6ver en fullmakt fr\u00e5n er f\u00f6r att skaffa ert Nie nummer.<\/p>\n<p><strong>Bankkonto i Spanien:<\/strong><br \/>\nOm ni vill ha ett bankkonto i Spanien f\u00f6r betalningar med autogiro etc. som kan vara bra och bekv\u00e4mt att ha s\u00e5 hj\u00e4lper vi er med det.<\/p>\n<p><strong>Fullmakt:<\/strong><br \/>\nF\u00f6r att kunna hj\u00e4lpa er att ans\u00f6ka om Nie nummer samt om ni vill ha ett bankkonto och \u00e4ven representera er i de dokument som vi m\u00e5ste underteckna i ett k\u00f6p av en bostad s\u00e5 beh\u00f6ver vi d\u00e4rf\u00f6r en fullmakt med befogenheter f\u00f6r dessa r\u00e4ttsakter. Ni kan skriva en fullmakt i Spanien om ni befinner er h\u00e4r, men ni kan \u00e4ven skriva fullmakten i ert ursprungsland hos en notarie eller p\u00e5 ambassaden.<\/p>\n<p>Har ni fr\u00e5gor s\u00e5 kontakta oss, vi hj\u00e4lper er mer \u00e4n g\u00e4rna![\/vc_column_text][\/vc_column][\/vc_row]<\/p>\n<\/div>","protected":false},"excerpt":{"rendered":"<p>[vc_row css=&#8221;.vc_custom_1604593936736{padding-top: 100px !important;padding-bottom: 100px !important;}&#8221;][vc_column][vc_column_text]Vi kan hj\u00e4lpa er med alla juridiska tj\u00e4nster ni efterfr\u00e5gar vid ett f\u00f6rv\u00e4rv av en bostad men \u00e4ven parallellt med k\u00f6pet (eller om ni endast vill ha juridisk hj\u00e4lp) s\u00e5 kan vi hj\u00e4lpa er med de dokument som \u00e4r viktiga att ha h\u00e4r i Spanien. Nie: (Numero de Identidad de [&hellip;]<\/p>\n","protected":false},"author":3,"featured_media":0,"parent":2257939,"menu_order":0,"comment_status":"closed","ping_status":"closed","template":"template\/template-homepage.php","meta":{"_acf_changed":false,"footnotes":""},"acf":[],"_links":{"self":[{"href":"https:\/\/sunsethomesspain.com\/sv\/wp-json\/wp\/v2\/pages\/2257957"}],"collection":[{"href":"https:\/\/sunsethomesspain.com\/sv\/wp-json\/wp\/v2\/pages"}],"about":[{"href":"https:\/\/sunsethomesspain.com\/sv\/wp-json\/wp\/v2\/types\/page"}],"author":[{"embeddable":true,"href":"https:\/\/sunsethomesspain.com\/sv\/wp-json\/wp\/v2\/users\/3"}],"replies":[{"embeddable":true,"href":"https:\/\/sunsethomesspain.com\/sv\/wp-json\/wp\/v2\/comments?post=2257957"}],"version-history":[{"count":5,"href":"https:\/\/sunsethomesspain.com\/sv\/wp-json\/wp\/v2\/pages\/2257957\/revisions"}],"predecessor-version":[{"id":2258376,"href":"https:\/\/sunsethomesspain.com\/sv\/wp-json\/wp\/v2\/pages\/2257957\/revisions\/2258376"}],"up":[{"embeddable":true,"href":"https:\/\/sunsethomesspain.com\/sv\/wp-json\/wp\/v2\/pages\/2257939"}],"wp:attachment":[{"href":"https:\/\/sunsethomesspain.com\/sv\/wp-json\/wp\/v2\/media?parent=2257957"}],"curies":[{"name":"wp","href":"https:\/\/api.w.org\/{rel}","templated":true}]}}