{"id":2257963,"date":"2020-11-30T17:42:50","date_gmt":"2020-11-30T17:42:50","guid":{"rendered":"https:\/\/sunsethomesspain.com\/vara-tjanster\/maintenance\/"},"modified":"2020-12-23T22:15:40","modified_gmt":"2020-12-23T22:15:40","slug":"maintenance-tillsyn","status":"publish","type":"page","link":"https:\/\/sunsethomesspain.com\/sv\/vara-tjanster\/maintenance-tillsyn\/","title":{"rendered":"Maintenance\/Tillsyn"},"content":{"rendered":"<div class=\"wpb-content-wrapper\"><p>[vc_row css=&#8221;.vc_custom_1604593936736{padding-top: 100px !important;padding-bottom: 100px !important;}&#8221;][vc_column][vc_column_text]M\u00e5nga av v\u00e5ra kunder har efter sitt k\u00f6p k\u00e4nt att det \u00e4r sk\u00f6nt att ha n\u00e5gon som tittar till fastigheten. Vi har olika uppl\u00e4gg p\u00e5 tillsyn av fastigheter, allt fr\u00e5n att bara ha en kontroll per m\u00e5nad till att ha s\u00e5 m\u00e5nga kontroller som ni \u00f6nskar. Under en kontroll i en fastighet s\u00e5 \u00e4r det vissa saker som \u00e4r standard, vi kontrollerar att vi inte ser fukt i fastigheten, vi kollar elen, tar in posten (s\u00e5 det ser bebott ut), vi kontrollerar s\u00e5 det inte finns skadedjur i fastigheten som kackerlackor, myror m.m., vi spolar i handfat, duschar, toaletter f\u00f6r att f\u00f6rhindra att kalken s\u00e4tter sig f\u00f6r mycket i r\u00f6ren och f\u00f6r att undvika s\u00e5 det uppst\u00e5r lukt fr\u00e5n avlopp etc.<br \/>\nVi har \u00e4ven v\u00e5ra handyman som vi tillkallar om det skulle beh\u00f6va n\u00e5gon form av maintenace i \u00a0fastigheten, om n\u00e5got g\u00e5tt s\u00f6nder eller beh\u00f6ver bytas.<\/p>\n<p>\u00c4r ni intresserde av tillsyn av er fastighet s\u00e5 kontakta oss s\u00e5 ber\u00e4ttar vi mer.[\/vc_column_text][\/vc_column][\/vc_row]<\/p>\n<\/div>","protected":false},"excerpt":{"rendered":"<p>[vc_row css=&#8221;.vc_custom_1604593936736{padding-top: 100px !important;padding-bottom: 100px !important;}&#8221;][vc_column][vc_column_text]M\u00e5nga av v\u00e5ra kunder har efter sitt k\u00f6p k\u00e4nt att det \u00e4r sk\u00f6nt att ha n\u00e5gon som tittar till fastigheten. Vi har olika uppl\u00e4gg p\u00e5 tillsyn av fastigheter, allt fr\u00e5n att bara ha en kontroll per m\u00e5nad till att ha s\u00e5 m\u00e5nga kontroller som ni \u00f6nskar. Under en kontroll i [&hellip;]<\/p>\n","protected":false},"author":3,"featured_media":0,"parent":2257939,"menu_order":0,"comment_status":"closed","ping_status":"closed","template":"template\/template-homepage.php","meta":{"_acf_changed":false,"footnotes":""},"acf":[],"_links":{"self":[{"href":"https:\/\/sunsethomesspain.com\/sv\/wp-json\/wp\/v2\/pages\/2257963"}],"collection":[{"href":"https:\/\/sunsethomesspain.com\/sv\/wp-json\/wp\/v2\/pages"}],"about":[{"href":"https:\/\/sunsethomesspain.com\/sv\/wp-json\/wp\/v2\/types\/page"}],"author":[{"embeddable":true,"href":"https:\/\/sunsethomesspain.com\/sv\/wp-json\/wp\/v2\/users\/3"}],"replies":[{"embeddable":true,"href":"https:\/\/sunsethomesspain.com\/sv\/wp-json\/wp\/v2\/comments?post=2257963"}],"version-history":[{"count":4,"href":"https:\/\/sunsethomesspain.com\/sv\/wp-json\/wp\/v2\/pages\/2257963\/revisions"}],"predecessor-version":[{"id":2258133,"href":"https:\/\/sunsethomesspain.com\/sv\/wp-json\/wp\/v2\/pages\/2257963\/revisions\/2258133"}],"up":[{"embeddable":true,"href":"https:\/\/sunsethomesspain.com\/sv\/wp-json\/wp\/v2\/pages\/2257939"}],"wp:attachment":[{"href":"https:\/\/sunsethomesspain.com\/sv\/wp-json\/wp\/v2\/media?parent=2257963"}],"curies":[{"name":"wp","href":"https:\/\/api.w.org\/{rel}","templated":true}]}}