{"id":2257969,"date":"2020-11-30T17:41:12","date_gmt":"2020-11-30T17:41:12","guid":{"rendered":"https:\/\/sunsethomesspain.com\/vara-tjanster\/refurbishments\/"},"modified":"2020-12-23T22:07:41","modified_gmt":"2020-12-23T22:07:41","slug":"renovering","status":"publish","type":"page","link":"https:\/\/sunsethomesspain.com\/sv\/vara-tjanster\/renovering\/","title":{"rendered":"Renovering"},"content":{"rendered":"<div class=\"wpb-content-wrapper\"><p>[vc_row css=&#8221;.vc_custom_1604593936736{padding-top: 100px !important;padding-bottom: 100px !important;}&#8221;][vc_column][vc_column_text]Nedan kan ni se n\u00e5gra f\u00f6re och efter bilder fr\u00e5n v\u00e5ra renoveringar vi gjort.<br \/>\nN\u00e4r en kund k\u00f6per ett nytt objekt s\u00e5 \u00e4r det inte alltid s\u00e5 som kunden vill ha det, det kan vara enkla \u00e4ndringar men ocks\u00e5 mer omfattande renoveringar. M\u00e5nga vill g\u00f6ra om bostaden till lite mer modernt, kanske byta ut k\u00f6ket eller bara g\u00f6ra det ljusare med m\u00e5lning men ingenting \u00e4r om\u00f6jligt!<\/p>\n<p>Ni kanske har egna ideer eller vill ha hj\u00e4lp med hur man kan f\u00f6r\u00e4ndra bostaden, vi har ett proffessionellt team av arkiterker och byggare som hj\u00e4lper er.<\/p>\n<p>Det \u00e4r m\u00e5nga steg i renoveringen h\u00e4r i Spanien som ser annorlunda ut \u00e4n i Sverige och det beh\u00f6vs bland annat licenser f\u00f6r att bygget ska vara godk\u00e4nt innan man f\u00e5r b\u00f6rja. Vi hj\u00e4lper er med licenser och projektleder bygget n\u00e4r ni inte \u00e4r p\u00e5 plats, vi ser till att leveransertider h\u00e5lls f\u00f6r material etc.<br \/>\nH\u00f6r g\u00e4rna av er till oss f\u00f6r ett m\u00f6te s\u00e5 vi f\u00e5r veta mer om era planer f\u00e4r ert nya hem.[\/vc_column_text][\/vc_column][\/vc_row]<\/p>\n<\/div>","protected":false},"excerpt":{"rendered":"<p>[vc_row css=&#8221;.vc_custom_1604593936736{padding-top: 100px !important;padding-bottom: 100px !important;}&#8221;][vc_column][vc_column_text]Nedan kan ni se n\u00e5gra f\u00f6re och efter bilder fr\u00e5n v\u00e5ra renoveringar vi gjort. N\u00e4r en kund k\u00f6per ett nytt objekt s\u00e5 \u00e4r det inte alltid s\u00e5 som kunden vill ha det, det kan vara enkla \u00e4ndringar men ocks\u00e5 mer omfattande renoveringar. M\u00e5nga vill g\u00f6ra om bostaden till lite mer [&hellip;]<\/p>\n","protected":false},"author":3,"featured_media":0,"parent":2257939,"menu_order":0,"comment_status":"closed","ping_status":"closed","template":"template\/template-homepage.php","meta":{"_acf_changed":false,"footnotes":""},"acf":[],"_links":{"self":[{"href":"https:\/\/sunsethomesspain.com\/sv\/wp-json\/wp\/v2\/pages\/2257969"}],"collection":[{"href":"https:\/\/sunsethomesspain.com\/sv\/wp-json\/wp\/v2\/pages"}],"about":[{"href":"https:\/\/sunsethomesspain.com\/sv\/wp-json\/wp\/v2\/types\/page"}],"author":[{"embeddable":true,"href":"https:\/\/sunsethomesspain.com\/sv\/wp-json\/wp\/v2\/users\/3"}],"replies":[{"embeddable":true,"href":"https:\/\/sunsethomesspain.com\/sv\/wp-json\/wp\/v2\/comments?post=2257969"}],"version-history":[{"count":5,"href":"https:\/\/sunsethomesspain.com\/sv\/wp-json\/wp\/v2\/pages\/2257969\/revisions"}],"predecessor-version":[{"id":2258128,"href":"https:\/\/sunsethomesspain.com\/sv\/wp-json\/wp\/v2\/pages\/2257969\/revisions\/2258128"}],"up":[{"embeddable":true,"href":"https:\/\/sunsethomesspain.com\/sv\/wp-json\/wp\/v2\/pages\/2257939"}],"wp:attachment":[{"href":"https:\/\/sunsethomesspain.com\/sv\/wp-json\/wp\/v2\/media?parent=2257969"}],"curies":[{"name":"wp","href":"https:\/\/api.w.org\/{rel}","templated":true}]}}