{"id":2258013,"date":"2020-12-02T23:57:48","date_gmt":"2020-12-02T23:57:48","guid":{"rendered":"https:\/\/sunsethomesspain.com\/list-your-property-with-us\/"},"modified":"2021-01-13T15:39:56","modified_gmt":"2021-01-13T15:39:56","slug":"hyra-ut-din-bostad","status":"publish","type":"page","link":"https:\/\/sunsethomesspain.com\/sv\/hyra-ut-din-bostad\/","title":{"rendered":"Hyra ut din bostad"},"content":{"rendered":"<div class=\"wpb-content-wrapper\"><p>[vc_row][vc_column][vc_column_text]Om ni vill hyra ut er bostad med oss eller vill veta lite mer om hur vi arbetar med uthyrning, fyll i formul\u00e4ret nedan s\u00e5 kontaktar vi er.[\/vc_column_text][\/vc_column][\/vc_row][vc_row][vc_column width=&#8221;2\/3&#8243;]\n<div class=\"wpcf7 no-js\" id=\"wpcf7-f2135-o1\" lang=\"en-US\" dir=\"ltr\">\n<div class=\"screen-reader-response\"><p role=\"status\" aria-live=\"polite\" aria-atomic=\"true\"><\/p> <ul><\/ul><\/div>\n<form action=\"\/sv\/wp-json\/wp\/v2\/pages\/2258013#wpcf7-f2135-o1\" method=\"post\" class=\"wpcf7-form init\" aria-label=\"Contact form\" novalidate=\"novalidate\" data-status=\"init\">\n<div style=\"display: none;\">\n<input type=\"hidden\" name=\"_wpcf7\" value=\"2135\" \/>\n<input type=\"hidden\" name=\"_wpcf7_version\" value=\"5.9\" \/>\n<input type=\"hidden\" name=\"_wpcf7_locale\" value=\"en_US\" \/>\n<input type=\"hidden\" name=\"_wpcf7_unit_tag\" value=\"wpcf7-f2135-o1\" \/>\n<input type=\"hidden\" name=\"_wpcf7_container_post\" value=\"0\" \/>\n<input type=\"hidden\" name=\"_wpcf7_posted_data_hash\" value=\"\" \/>\n<\/div>\n<div class=\"row\">\n\t<div class=\"col-md-4 col-sm-12\">\n\t\t<div class=\"form-group\">\n\t\t\t<p><span class=\"wpcf7-form-control-wrap\" data-name=\"your-name\"><input size=\"40\" class=\"wpcf7-form-control wpcf7-text wpcf7-validates-as-required form-control\" aria-required=\"true\" aria-invalid=\"false\" placeholder=\"Name\" value=\"\" type=\"text\" name=\"your-name\" \/><\/span>\n\t\t\t<\/p>\n\t\t<\/div>\n\t<\/div>\n\t<div class=\"col-md-4 col-sm-12\">\n\t\t<div class=\"form-group\">\n\t\t\t<p><span class=\"wpcf7-form-control-wrap\" data-name=\"your-email\"><input size=\"40\" class=\"wpcf7-form-control wpcf7-email wpcf7-validates-as-required wpcf7-text wpcf7-validates-as-email form-control\" aria-required=\"true\" aria-invalid=\"false\" placeholder=\"E-post\" value=\"\" type=\"email\" name=\"your-email\" \/><\/span>\n\t\t\t<\/p>\n\t\t<\/div>\n\t<\/div>\n\t<div class=\"col-md-4 col-sm-12\">\n\t\t<div class=\"form-group\">\n\t\t\t<p><span class=\"wpcf7-form-control-wrap\" data-name=\"tel-179\"><input size=\"40\" class=\"wpcf7-form-control wpcf7-tel wpcf7-validates-as-required wpcf7-text wpcf7-validates-as-tel form-control\" aria-required=\"true\" aria-invalid=\"false\" placeholder=\"Telefon\" value=\"\" type=\"tel\" name=\"tel-179\" \/><\/span>\n\t\t\t<\/p>\n\t\t<\/div>\n\t<\/div>\n\t<div class=\"col-sm-12 col-xs-12\">\n\t\t<div class=\"form-group\">\n\t\t\t<p><span class=\"wpcf7-form-control-wrap\" data-name=\"your-message\"><textarea cols=\"40\" rows=\"10\" class=\"wpcf7-form-control wpcf7-textarea wpcf7-validates-as-required form-control\" aria-required=\"true\" aria-invalid=\"false\" placeholder=\"Ditt meddelande\" name=\"your-message\"><\/textarea><\/span>\n\t\t\t<\/p>\n\t\t<\/div>\n\t\t<div class=\"form-group\">\n\t\t<input class=\"wpcf7-form-control wpcf7-hidden propRef\" value=\"\" type=\"hidden\" name=\"reference\" \/>\n\t\t<input class=\"wpcf7-form-control wpcf7-hidden propLink\" value=\"\" type=\"hidden\" name=\"reference\" \/>\n\t\t\t<p><span class=\"wpcf7-form-control-wrap\" data-name=\"checkbox-794\"><span class=\"wpcf7-form-control wpcf7-checkbox wpcf7-validates-as-required privacy\"><span class=\"wpcf7-list-item first last\"><label><input type=\"checkbox\" name=\"checkbox-794[]\" value=\"Genom att skicka detta formul\u00e4r godk\u00e4nner jag anv\u00e4ndarvillkoren\" \/><span class=\"wpcf7-list-item-label\">Genom att skicka detta formul\u00e4r godk\u00e4nner jag anv\u00e4ndarvillkoren<\/span><\/label><\/span><\/span><\/span>\n\t\t\t<\/p>\n\t\t<\/div>\n\t\t<div class=\"form-group\">\n\t\t\t<p><input class=\"wpcf7-form-control wpcf7-submit has-spinner btn btn-primary btn-lg\" type=\"submit\" value=\"Skicka in\" \/>\n\t\t\t<\/p>\n\t\t<\/div>\n\t<\/div>\n<\/div><div class=\"wpcf7-response-output\" aria-hidden=\"true\"><\/div>\n<\/form>\n<\/div>\n[\/vc_column][vc_column width=&#8221;1\/3&#8243;][vc_column_text]<\/p>\n<h4>Kontakta oss<\/h4>\n<ul class=\"list-unstyled\">\n<li>Sunset Homes,<br \/>\nCalle Eslovenia 5, 29004 Malaga<\/li>\n<li>+34 637 81 43 80<\/li>\n<li><i class=\"fas fa-envelope\"><\/i> <a href=\"mailto:info@sunsethomesspain.com\">info@sunsethomesspain.com<\/a><\/li>\n<\/ul>\n<p>[\/vc_column_text][\/vc_column][\/vc_row]<\/p>\n<\/div>","protected":false},"excerpt":{"rendered":"<p>[vc_row][vc_column][vc_column_text]Om ni vill hyra ut er bostad med oss eller vill veta lite mer om hur vi arbetar med uthyrning, fyll i formul\u00e4ret nedan s\u00e5 kontaktar vi er.[\/vc_column_text][\/vc_column][\/vc_row][vc_row][vc_column width=&#8221;2\/3&#8243;][\/vc_column][vc_column width=&#8221;1\/3&#8243;][vc_column_text] Kontakta oss Sunset Homes, Calle Eslovenia 5, 29004 Malaga +34 637 81 43 80 info@sunsethomesspain.com [\/vc_column_text][\/vc_column][\/vc_row]<\/p>\n","protected":false},"author":3,"featured_media":0,"parent":0,"menu_order":0,"comment_status":"closed","ping_status":"closed","template":"template\/template-page.php","meta":{"_acf_changed":false,"footnotes":""},"acf":[],"_links":{"self":[{"href":"https:\/\/sunsethomesspain.com\/sv\/wp-json\/wp\/v2\/pages\/2258013"}],"collection":[{"href":"https:\/\/sunsethomesspain.com\/sv\/wp-json\/wp\/v2\/pages"}],"about":[{"href":"https:\/\/sunsethomesspain.com\/sv\/wp-json\/wp\/v2\/types\/page"}],"author":[{"embeddable":true,"href":"https:\/\/sunsethomesspain.com\/sv\/wp-json\/wp\/v2\/users\/3"}],"replies":[{"embeddable":true,"href":"https:\/\/sunsethomesspain.com\/sv\/wp-json\/wp\/v2\/comments?post=2258013"}],"version-history":[{"count":10,"href":"https:\/\/sunsethomesspain.com\/sv\/wp-json\/wp\/v2\/pages\/2258013\/revisions"}],"predecessor-version":[{"id":2258175,"href":"https:\/\/sunsethomesspain.com\/sv\/wp-json\/wp\/v2\/pages\/2258013\/revisions\/2258175"}],"wp:attachment":[{"href":"https:\/\/sunsethomesspain.com\/sv\/wp-json\/wp\/v2\/media?parent=2258013"}],"curies":[{"name":"wp","href":"https:\/\/api.w.org\/{rel}","templated":true}]}}