{"id":2258021,"date":"2020-12-03T09:00:18","date_gmt":"2020-12-03T09:00:18","guid":{"rendered":"https:\/\/sunsethomesspain.com\/long-term-rentals\/"},"modified":"2021-01-13T14:54:26","modified_gmt":"2021-01-13T14:54:26","slug":"langtidsuthyrning","status":"publish","type":"page","link":"https:\/\/sunsethomesspain.com\/sv\/langtidsuthyrning\/","title":{"rendered":"L\u00e5ngtidsuthyrning"},"content":{"rendered":"<div class=\"wpb-content-wrapper\"><p>[vc_row css=&#8221;.vc_custom_1604593936736{padding-top: 100px !important;padding-bottom: 100px !important;}&#8221;][vc_column][vc_column_text]Vill ni stanna l\u00e4ngre i Spanien och funderar p\u00e5 att hyra en bostad f\u00f6r en l\u00e4ngre period? Vi har bost\u00e4der f\u00f6r l\u00e5ngtidsuthyrningar mellan 2 till 9 m\u00e5nader under perioden september till juni. Om ni vill veta mer s\u00e5 kontakta oss s\u00e5 hj\u00e4lper vi er hitta det ni s\u00f6ker.[\/vc_column_text][\/vc_column][\/vc_row]<\/p>\n<\/div>","protected":false},"excerpt":{"rendered":"<p>[vc_row css=&#8221;.vc_custom_1604593936736{padding-top: 100px !important;padding-bottom: 100px !important;}&#8221;][vc_column][vc_column_text]Vill ni stanna l\u00e4ngre i Spanien och funderar p\u00e5 att hyra en bostad f\u00f6r en l\u00e4ngre period? Vi har bost\u00e4der f\u00f6r l\u00e5ngtidsuthyrningar mellan 2 till 9 m\u00e5nader under perioden september till juni. Om ni vill veta mer s\u00e5 kontakta oss s\u00e5 hj\u00e4lper vi er hitta det ni s\u00f6ker.[\/vc_column_text][\/vc_column][\/vc_row]<\/p>\n","protected":false},"author":3,"featured_media":0,"parent":0,"menu_order":0,"comment_status":"closed","ping_status":"closed","template":"template\/template-homepage.php","meta":{"_acf_changed":false,"footnotes":""},"acf":[],"_links":{"self":[{"href":"https:\/\/sunsethomesspain.com\/sv\/wp-json\/wp\/v2\/pages\/2258021"}],"collection":[{"href":"https:\/\/sunsethomesspain.com\/sv\/wp-json\/wp\/v2\/pages"}],"about":[{"href":"https:\/\/sunsethomesspain.com\/sv\/wp-json\/wp\/v2\/types\/page"}],"author":[{"embeddable":true,"href":"https:\/\/sunsethomesspain.com\/sv\/wp-json\/wp\/v2\/users\/3"}],"replies":[{"embeddable":true,"href":"https:\/\/sunsethomesspain.com\/sv\/wp-json\/wp\/v2\/comments?post=2258021"}],"version-history":[{"count":3,"href":"https:\/\/sunsethomesspain.com\/sv\/wp-json\/wp\/v2\/pages\/2258021\/revisions"}],"predecessor-version":[{"id":2258160,"href":"https:\/\/sunsethomesspain.com\/sv\/wp-json\/wp\/v2\/pages\/2258021\/revisions\/2258160"}],"wp:attachment":[{"href":"https:\/\/sunsethomesspain.com\/sv\/wp-json\/wp\/v2\/media?parent=2258021"}],"curies":[{"name":"wp","href":"https:\/\/api.w.org\/{rel}","templated":true}]}}